{"id":7,"date":"2021-01-15T09:42:49","date_gmt":"2021-01-15T09:42:49","guid":{"rendered":"https:\/\/www.graficosy.com\/?page_id=7"},"modified":"2021-01-22T14:01:56","modified_gmt":"2021-01-22T14:01:56","slug":"a-propos-de","status":"publish","type":"page","link":"https:\/\/www.graficosy.com\/?page_id=7","title":{"rendered":"\u00c0 propos de"},"content":{"rendered":"\n<p><span class=\"has-inline-color has-accent-color\">Graphiste et designer, je m&rsquo;adapte \u00e0 votre univers pour cr\u00e9er des objets personnalis\u00e9s. Votre logo, des produits d\u00e9riv\u00e9s pour votre promotion mais encore un meuble qui saura s&rsquo;adapter parfaitement \u00e0 votre int\u00e9rieur, qui montrera ou cachera vos effets pr\u00e9cieux &#8230;<\/span><\/p>\n\n\n\n<p><span class=\"has-inline-color has-accent-color\">De chaque rencontre na\u00eet une aventure \u00e0 cr\u00e9er ensemble.<\/span><\/p>\n\n\n\n<p><span class=\"has-inline-color has-accent-color\">N&rsquo;h\u00e9sitez pas \u00e0 me contacter !<\/span><\/p>\n\n\n\n<p class=\"has-text-align-center\"><span class=\"has-inline-color has-accent-color\">Caroline OSWALD<\/span><\/p>\n","protected":false},"excerpt":{"rendered":"<p>Graphiste et designer, je m&rsquo;adapte \u00e0 votre univers pour cr\u00e9er des objets personnalis\u00e9s. Votre logo, des produits d\u00e9riv\u00e9s pour votre promotion mais encore un meuble qui saura s&rsquo;adapter parfaitement \u00e0 votre int\u00e9rieur, qui montrera ou cachera vos effets pr\u00e9cieux &#8230; De chaque rencontre na\u00eet une aventure \u00e0 cr\u00e9er ensemble. N&rsquo;h\u00e9sitez pas \u00e0 me contacter ! [&hellip;]<\/p>\n","protected":false},"author":2,"featured_media":0,"parent":0,"menu_order":0,"comment_status":"closed","ping_status":"closed","template":"","meta":[],"_links":{"self":[{"href":"https:\/\/www.graficosy.com\/index.php?rest_route=\/wp\/v2\/pages\/7"}],"collection":[{"href":"https:\/\/www.graficosy.com\/index.php?rest_route=\/wp\/v2\/pages"}],"about":[{"href":"https:\/\/www.graficosy.com\/index.php?rest_route=\/wp\/v2\/types\/page"}],"author":[{"embeddable":true,"href":"https:\/\/www.graficosy.com\/index.php?rest_route=\/wp\/v2\/users\/2"}],"replies":[{"embeddable":true,"href":"https:\/\/www.graficosy.com\/index.php?rest_route=%2Fwp%2Fv2%2Fcomments&post=7"}],"version-history":[{"count":2,"href":"https:\/\/www.graficosy.com\/index.php?rest_route=\/wp\/v2\/pages\/7\/revisions"}],"predecessor-version":[{"id":60,"href":"https:\/\/www.graficosy.com\/index.php?rest_route=\/wp\/v2\/pages\/7\/revisions\/60"}],"wp:attachment":[{"href":"https:\/\/www.graficosy.com\/index.php?rest_route=%2Fwp%2Fv2%2Fmedia&parent=7"}],"curies":[{"name":"wp","href":"https:\/\/api.w.org\/{rel}","templated":true}]}}