{"id":6,"date":"2021-01-15T09:42:48","date_gmt":"2021-01-15T09:42:48","guid":{"rendered":"https:\/\/www.graficosy.com\/?page_id=6"},"modified":"2021-01-23T17:19:51","modified_gmt":"2021-01-23T17:19:51","slug":"creez-votre-site-avec-des-blocs","status":"publish","type":"page","link":"https:\/\/www.graficosy.com\/","title":{"rendered":"Bienvenue dans nos univers"},"content":{"rendered":"\n<h2 class=\"alignwide has-text-align-center has-text-align-wide has-gigantic-font-size\" style=\"line-height:1.1\"><strong><span style=\"color:#a73f13\" class=\"has-inline-color\">Ensemble nous pourrons r\u00e9inventer &#8230;<\/span><\/strong><\/h2>\n\n\n\n<div style=\"height:100px\" aria-hidden=\"true\" class=\"wp-block-spacer\"><\/div>\n\n\n\n<div class=\"wp-block-columns alignwide are-vertically-aligned-center is-style-twentytwentyone-columns-overlap\">\n<div class=\"wp-block-column is-vertically-aligned-center\">\n<figure class=\"wp-block-image alignfull size-large\"><img loading=\"lazy\" width=\"1024\" height=\"731\" src=\"https:\/\/www.graficosy.com\/wp-content\/uploads\/2021\/01\/Cherry-enseigne-MockUp-1024x731.jpg\" alt=\"\" class=\"wp-image-35\" srcset=\"https:\/\/www.graficosy.com\/wp-content\/uploads\/2021\/01\/Cherry-enseigne-MockUp-1024x731.jpg 1024w, https:\/\/www.graficosy.com\/wp-content\/uploads\/2021\/01\/Cherry-enseigne-MockUp-300x214.jpg 300w, https:\/\/www.graficosy.com\/wp-content\/uploads\/2021\/01\/Cherry-enseigne-MockUp-768x548.jpg 768w, https:\/\/www.graficosy.com\/wp-content\/uploads\/2021\/01\/Cherry-enseigne-MockUp-1536x1097.jpg 1536w, https:\/\/www.graficosy.com\/wp-content\/uploads\/2021\/01\/Cherry-enseigne-MockUp-1200x857.jpg 1200w, https:\/\/www.graficosy.com\/wp-content\/uploads\/2021\/01\/Cherry-enseigne-MockUp.jpg 1654w\" sizes=\"(max-width: 1024px) 100vw, 1024px\" \/><figcaption><span class=\"has-inline-color has-accent-color\">Cr\u00e9er une enseigne <\/span><\/figcaption><\/figure>\n\n\n\n<div style=\"height:100px\" aria-hidden=\"true\" class=\"wp-block-spacer\"><\/div>\n\n\n\n<figure class=\"wp-block-image size-large\"><img loading=\"lazy\" width=\"1024\" height=\"1024\" src=\"https:\/\/www.graficosy.com\/wp-content\/uploads\/2021\/01\/2C-LOGO-1024x1024.png\" alt=\"\" class=\"wp-image-76\" srcset=\"https:\/\/www.graficosy.com\/wp-content\/uploads\/2021\/01\/2C-LOGO-1024x1024.png 1024w, https:\/\/www.graficosy.com\/wp-content\/uploads\/2021\/01\/2C-LOGO-300x300.png 300w, https:\/\/www.graficosy.com\/wp-content\/uploads\/2021\/01\/2C-LOGO-150x150.png 150w, https:\/\/www.graficosy.com\/wp-content\/uploads\/2021\/01\/2C-LOGO-768x768.png 768w, https:\/\/www.graficosy.com\/wp-content\/uploads\/2021\/01\/2C-LOGO.png 1083w\" sizes=\"(max-width: 1024px) 100vw, 1024px\" \/><figcaption><span class=\"has-inline-color has-accent-color\">Imaginer votre logo<\/span><\/figcaption><\/figure>\n\n\n\n<figure class=\"wp-block-image alignfull size-large is-style-twentytwentyone-image-frame\"><img loading=\"lazy\" width=\"1024\" height=\"790\" src=\"https:\/\/www.graficosy.com\/wp-content\/uploads\/2021\/01\/page-TATOUAGE-1024x790.png\" alt=\"\" class=\"wp-image-78\" srcset=\"https:\/\/www.graficosy.com\/wp-content\/uploads\/2021\/01\/page-TATOUAGE-1024x790.png 1024w, https:\/\/www.graficosy.com\/wp-content\/uploads\/2021\/01\/page-TATOUAGE-300x231.png 300w, https:\/\/www.graficosy.com\/wp-content\/uploads\/2021\/01\/page-TATOUAGE-768x592.png 768w, https:\/\/www.graficosy.com\/wp-content\/uploads\/2021\/01\/page-TATOUAGE-1200x926.png 1200w, https:\/\/www.graficosy.com\/wp-content\/uploads\/2021\/01\/page-TATOUAGE.png 1417w\" sizes=\"(max-width: 1024px) 100vw, 1024px\" \/><figcaption><span class=\"has-inline-color has-accent-color\">Dessiner un bijou \u00e9ternel<\/span><\/figcaption><\/figure>\n\n\n\n<figure class=\"wp-block-gallery columns-1 is-cropped\"><ul class=\"blocks-gallery-grid\"><li class=\"blocks-gallery-item\"><figure><img loading=\"lazy\" width=\"690\" height=\"1024\" src=\"https:\/\/www.graficosy.com\/wp-content\/uploads\/2021\/01\/bague-690x1024.png\" alt=\"\" data-id=\"66\" data-full-url=\"https:\/\/www.graficosy.com\/wp-content\/uploads\/2021\/01\/bague.png\" data-link=\"https:\/\/www.graficosy.com\/?attachment_id=66\" class=\"wp-image-66\" srcset=\"https:\/\/www.graficosy.com\/wp-content\/uploads\/2021\/01\/bague-690x1024.png 690w, https:\/\/www.graficosy.com\/wp-content\/uploads\/2021\/01\/bague-202x300.png 202w, https:\/\/www.graficosy.com\/wp-content\/uploads\/2021\/01\/bague-768x1140.png 768w, https:\/\/www.graficosy.com\/wp-content\/uploads\/2021\/01\/bague.png 962w\" sizes=\"(max-width: 690px) 100vw, 690px\" \/><\/figure><\/li><\/ul><figcaption class=\"blocks-gallery-caption\"><span class=\"has-inline-color has-accent-color\">C\u00e9l\u00e9brer un anniversaire en cr\u00e9ant un bijou unique<\/span><\/figcaption><\/figure>\n<\/div>\n\n\n\n<div class=\"wp-block-column\">\n<figure class=\"wp-block-image size-large\"><img loading=\"lazy\" width=\"786\" height=\"1024\" src=\"https:\/\/www.graficosy.com\/wp-content\/uploads\/2021\/01\/AVO-photo-meuble-786x1024.jpg\" alt=\"\" class=\"wp-image-46\" srcset=\"https:\/\/www.graficosy.com\/wp-content\/uploads\/2021\/01\/AVO-photo-meuble-786x1024.jpg 786w, https:\/\/www.graficosy.com\/wp-content\/uploads\/2021\/01\/AVO-photo-meuble-230x300.jpg 230w, https:\/\/www.graficosy.com\/wp-content\/uploads\/2021\/01\/AVO-photo-meuble-768x1001.jpg 768w, https:\/\/www.graficosy.com\/wp-content\/uploads\/2021\/01\/AVO-photo-meuble.jpg 942w\" sizes=\"(max-width: 786px) 100vw, 786px\" \/><figcaption><span class=\"has-inline-color has-accent-color\">Mettre en valeur vos effets<\/span><\/figcaption><\/figure>\n\n\n\n<figure class=\"wp-block-image size-large\"><img loading=\"lazy\" width=\"1024\" height=\"768\" src=\"https:\/\/www.graficosy.com\/wp-content\/uploads\/2021\/01\/sejour-projet2-1024x768.jpg\" alt=\"\" class=\"wp-image-48\" srcset=\"https:\/\/www.graficosy.com\/wp-content\/uploads\/2021\/01\/sejour-projet2-1024x768.jpg 1024w, https:\/\/www.graficosy.com\/wp-content\/uploads\/2021\/01\/sejour-projet2-300x225.jpg 300w, https:\/\/www.graficosy.com\/wp-content\/uploads\/2021\/01\/sejour-projet2-768x576.jpg 768w, https:\/\/www.graficosy.com\/wp-content\/uploads\/2021\/01\/sejour-projet2-1536x1151.jpg 1536w, https:\/\/www.graficosy.com\/wp-content\/uploads\/2021\/01\/sejour-projet2-1200x900.jpg 1200w, https:\/\/www.graficosy.com\/wp-content\/uploads\/2021\/01\/sejour-projet2.jpg 1969w\" sizes=\"(max-width: 1024px) 100vw, 1024px\" \/><figcaption><span class=\"has-inline-color has-accent-color\">Imaginer votre int\u00e9rieur futur<\/span><\/figcaption><\/figure>\n<\/div>\n\n\n\n<div class=\"wp-block-column\">\n<figure class=\"wp-block-image size-large\"><img loading=\"lazy\" width=\"1024\" height=\"759\" src=\"https:\/\/www.graficosy.com\/wp-content\/uploads\/2021\/01\/MASQUE-H2P-2-1024x759.png\" alt=\"\" class=\"wp-image-73\" srcset=\"https:\/\/www.graficosy.com\/wp-content\/uploads\/2021\/01\/MASQUE-H2P-2-1024x759.png 1024w, https:\/\/www.graficosy.com\/wp-content\/uploads\/2021\/01\/MASQUE-H2P-2-300x223.png 300w, https:\/\/www.graficosy.com\/wp-content\/uploads\/2021\/01\/MASQUE-H2P-2-768x570.png 768w, https:\/\/www.graficosy.com\/wp-content\/uploads\/2021\/01\/MASQUE-H2P-2-1536x1139.png 1536w, https:\/\/www.graficosy.com\/wp-content\/uploads\/2021\/01\/MASQUE-H2P-2-2048x1519.png 2048w, https:\/\/www.graficosy.com\/wp-content\/uploads\/2021\/01\/MASQUE-H2P-2-1200x890.png 1200w, https:\/\/www.graficosy.com\/wp-content\/uploads\/2021\/01\/MASQUE-H2P-2-1980x1469.png 1980w\" sizes=\"(max-width: 1024px) 100vw, 1024px\" \/><figcaption><span class=\"has-inline-color has-accent-color\">Sortir masquer<\/span><\/figcaption><\/figure>\n<\/div>\n\n\n\n<div class=\"wp-block-column\">\n<figure class=\"wp-block-image size-large\"><img loading=\"lazy\" width=\"768\" height=\"1024\" src=\"https:\/\/www.graficosy.com\/wp-content\/uploads\/2021\/01\/AVO-sweat-photo-768x1024.jpg\" alt=\"\" class=\"wp-image-69\" srcset=\"https:\/\/www.graficosy.com\/wp-content\/uploads\/2021\/01\/AVO-sweat-photo-768x1024.jpg 768w, https:\/\/www.graficosy.com\/wp-content\/uploads\/2021\/01\/AVO-sweat-photo-225x300.jpg 225w, https:\/\/www.graficosy.com\/wp-content\/uploads\/2021\/01\/AVO-sweat-photo-1152x1536.jpg 1152w, https:\/\/www.graficosy.com\/wp-content\/uploads\/2021\/01\/AVO-sweat-photo.jpg 1200w\" sizes=\"(max-width: 768px) 100vw, 768px\" \/><figcaption><span class=\"has-inline-color has-accent-color\"><strong>Promouvoir votre marque<\/strong><\/span><\/figcaption><\/figure>\n\n\n\n<figure class=\"wp-block-image size-large\"><img loading=\"lazy\" width=\"730\" height=\"1024\" src=\"https:\/\/www.graficosy.com\/wp-content\/uploads\/2021\/01\/StGilles-Affiche-730x1024.jpg\" alt=\"\" class=\"wp-image-75\" srcset=\"https:\/\/www.graficosy.com\/wp-content\/uploads\/2021\/01\/StGilles-Affiche-730x1024.jpg 730w, https:\/\/www.graficosy.com\/wp-content\/uploads\/2021\/01\/StGilles-Affiche-214x300.jpg 214w, https:\/\/www.graficosy.com\/wp-content\/uploads\/2021\/01\/StGilles-Affiche-768x1077.jpg 768w, https:\/\/www.graficosy.com\/wp-content\/uploads\/2021\/01\/StGilles-Affiche.jpg 1010w\" sizes=\"(max-width: 730px) 100vw, 730px\" \/><figcaption><span class=\"has-inline-color has-accent-color\">Inviter \u00e0 faire la f\u00eate<\/span><\/figcaption><\/figure>\n<\/div>\n\n\n\n<div class=\"wp-block-column\">\n<div class=\"wp-block-image\"><figure class=\"aligncenter size-large\"><img loading=\"lazy\" width=\"1024\" height=\"742\" src=\"https:\/\/www.graficosy.com\/wp-content\/uploads\/2021\/01\/Chez-maman-2-copie-1024x742.jpg\" alt=\"\" class=\"wp-image-43\" srcset=\"https:\/\/www.graficosy.com\/wp-content\/uploads\/2021\/01\/Chez-maman-2-copie-1024x742.jpg 1024w, https:\/\/www.graficosy.com\/wp-content\/uploads\/2021\/01\/Chez-maman-2-copie-300x217.jpg 300w, https:\/\/www.graficosy.com\/wp-content\/uploads\/2021\/01\/Chez-maman-2-copie-768x557.jpg 768w, https:\/\/www.graficosy.com\/wp-content\/uploads\/2021\/01\/Chez-maman-2-copie-1536x1114.jpg 1536w, https:\/\/www.graficosy.com\/wp-content\/uploads\/2021\/01\/Chez-maman-2-copie-1200x870.jpg 1200w, https:\/\/www.graficosy.com\/wp-content\/uploads\/2021\/01\/Chez-maman-2-copie.jpg 1738w\" sizes=\"(max-width: 1024px) 100vw, 1024px\" \/><figcaption><span class=\"has-inline-color has-accent-color\">Cr\u00e9er un tableau \u00e0 vos harmonies<\/span><\/figcaption><\/figure><\/div>\n<\/div>\n\n\n\n<div class=\"wp-block-column is-vertically-aligned-center\">\n<figure class=\"wp-block-image size-large alignfull size-full is-style-twentytwentyone-border\"><img loading=\"lazy\" width=\"1024\" height=\"689\" src=\"https:\/\/www.graficosy.com\/wp-content\/uploads\/2021\/01\/VANESTHETIC-2021-1024x689.jpg\" alt=\"\" class=\"wp-image-37\" srcset=\"https:\/\/www.graficosy.com\/wp-content\/uploads\/2021\/01\/VANESTHETIC-2021-1024x689.jpg 1024w, https:\/\/www.graficosy.com\/wp-content\/uploads\/2021\/01\/VANESTHETIC-2021-300x202.jpg 300w, https:\/\/www.graficosy.com\/wp-content\/uploads\/2021\/01\/VANESTHETIC-2021-768x517.jpg 768w, https:\/\/www.graficosy.com\/wp-content\/uploads\/2021\/01\/VANESTHETIC-2021-1536x1033.jpg 1536w, https:\/\/www.graficosy.com\/wp-content\/uploads\/2021\/01\/VANESTHETIC-2021-2048x1378.jpg 2048w, https:\/\/www.graficosy.com\/wp-content\/uploads\/2021\/01\/VANESTHETIC-2021-1200x807.jpg 1200w, https:\/\/www.graficosy.com\/wp-content\/uploads\/2021\/01\/VANESTHETIC-2021-1980x1332.jpg 1980w\" sizes=\"(max-width: 1024px) 100vw, 1024px\" \/><figcaption><span class=\"has-inline-color has-accent-color\">Souhaiter une belle ann\u00e9e<\/span><\/figcaption><\/figure>\n\n\n\n<div style=\"height:100px\" aria-hidden=\"true\" class=\"wp-block-spacer\"><\/div>\n<\/div>\n<\/div>\n\n\n\n<div style=\"height:50px\" aria-hidden=\"true\" class=\"wp-block-spacer\"><\/div>\n\n\n\n<div class=\"wp-block-columns alignwide are-vertically-aligned-top\">\n<div class=\"wp-block-column is-vertically-aligned-top\">\n<h3><span class=\"has-inline-color has-accent-color\">Qui suis-je ?<\/span><\/h3>\n\n\n\n<p><span class=\"has-inline-color has-accent-color\">Architecte d&rsquo;int\u00e9rieur &amp; Designer de formation, sensible aux ambiances, aux objets, nourrie d&rsquo;inspirations d&rsquo;ici &amp; d&rsquo;ailleurs, j&rsquo;aime m&rsquo;adapter aux univers de chacun et y apporter harmonie ou grain de folie.<\/span> <\/p>\n<\/div>\n\n\n\n<div class=\"wp-block-column is-vertically-aligned-top\">\n<h3><span class=\"has-inline-color has-accent-color\">Cr\u00e9er une identit\u00e9 visuelle<\/span><\/h3>\n\n\n\n<p><span class=\"has-inline-color has-accent-color\">Dessiner ou re-dessiner  un logo, un flyer, une affiche, imaginer des produits d\u00e9riv\u00e9s, communiquer sur un \u00e9v\u00e9nement \u00e0 venir &#8230; tant d&rsquo;activit\u00e9s et de passions \u00e0 mettre en forme et en couleurs ! <\/span><\/p>\n\n\n\n<p><\/p>\n<\/div>\n\n\n\n<div class=\"wp-block-column is-vertically-aligned-top\">\n<h3><span class=\"has-inline-color has-accent-color\">Cr\u00e9er un objet<\/span><\/h3>\n\n\n\n<p><span class=\"has-inline-color has-accent-color\">Un meuble, un bijou, un tableau &#8230; un objet unique qui vous sera d\u00e9di\u00e9.<\/span> <\/p>\n\n\n\n<p><\/p>\n<\/div>\n<\/div>\n\n\n\n<div style=\"height:100px\" aria-hidden=\"true\" class=\"wp-block-spacer\"><\/div>\n\n\n\n<div class=\"wp-block-cover alignwide has-green-background-color has-background-dim is-style-twentytwentyone-border\"><div class=\"wp-block-cover__inner-container\">\n<div style=\"height:20px\" aria-hidden=\"true\" class=\"wp-block-spacer\"><\/div>\n\n\n\n<p class=\"has-huge-font-size\">Besoin d\u2019aide&nbsp;?<\/p>\n\n\n\n<div style=\"height:75px\" aria-hidden=\"true\" class=\"wp-block-spacer\"><\/div>\n\n\n\n<div class=\"wp-block-columns\">\n<div class=\"wp-block-column\">\n<p><a href=\"https:\/\/wordpress.org\/support\/article\/twenty-twenty-one\/\">Lire la documentation du th\u00e8me<\/a><\/p>\n<\/div>\n\n\n\n<div class=\"wp-block-column\">\n<p><a href=\"https:\/\/wordpress.org\/support\/theme\/twentytwentyone\/\">Consulter les forums de support<\/a><\/p>\n<\/div>\n<\/div>\n\n\n\n<div style=\"height:20px\" aria-hidden=\"true\" class=\"wp-block-spacer\"><\/div>\n<\/div><\/div>\n","protected":false},"excerpt":{"rendered":"<p>Ensemble nous pourrons r\u00e9inventer &#8230; Qui suis-je ? Architecte d&rsquo;int\u00e9rieur &amp; Designer de formation, sensible aux ambiances, aux objets, nourrie d&rsquo;inspirations d&rsquo;ici &amp; d&rsquo;ailleurs, j&rsquo;aime m&rsquo;adapter aux univers de chacun et y apporter harmonie ou grain de folie. Cr\u00e9er une identit\u00e9 visuelle Dessiner ou re-dessiner un logo, un flyer, une affiche, imaginer des produits d\u00e9riv\u00e9s, [&hellip;]<\/p>\n","protected":false},"author":2,"featured_media":0,"parent":0,"menu_order":0,"comment_status":"closed","ping_status":"closed","template":"","meta":[],"_links":{"self":[{"href":"https:\/\/www.graficosy.com\/index.php?rest_route=\/wp\/v2\/pages\/6"}],"collection":[{"href":"https:\/\/www.graficosy.com\/index.php?rest_route=\/wp\/v2\/pages"}],"about":[{"href":"https:\/\/www.graficosy.com\/index.php?rest_route=\/wp\/v2\/types\/page"}],"author":[{"embeddable":true,"href":"https:\/\/www.graficosy.com\/index.php?rest_route=\/wp\/v2\/users\/2"}],"replies":[{"embeddable":true,"href":"https:\/\/www.graficosy.com\/index.php?rest_route=%2Fwp%2Fv2%2Fcomments&post=6"}],"version-history":[{"count":17,"href":"https:\/\/www.graficosy.com\/index.php?rest_route=\/wp\/v2\/pages\/6\/revisions"}],"predecessor-version":[{"id":79,"href":"https:\/\/www.graficosy.com\/index.php?rest_route=\/wp\/v2\/pages\/6\/revisions\/79"}],"wp:attachment":[{"href":"https:\/\/www.graficosy.com\/index.php?rest_route=%2Fwp%2Fv2%2Fmedia&parent=6"}],"curies":[{"name":"wp","href":"https:\/\/api.w.org\/{rel}","templated":true}]}}